{"id":15,"date":"2019-10-27T12:07:18","date_gmt":"2019-10-27T11:07:18","guid":{"rendered":"http:\/\/catteryoftruelove.com\/?page_id=15"},"modified":"2025-06-18T17:02:11","modified_gmt":"2025-06-18T15:02:11","slug":"accueil","status":"publish","type":"page","link":"https:\/\/catteryoftruelove.com\/","title":{"rendered":"Accueil"},"content":{"rendered":"<h4 class=\"xdj266r x11i5rnm xat24cr x1mh8g0r x1vvkbs x126k92a\">Bonjour et bienvenue sur notre site.<\/h4>\n<h4 dir=\"auto\">Nous \u00e9levons des chats Sacr\u00e9 de Birmanie depuis 2016 dans le nord de la France proche de la fronti\u00e8re Belge.<br \/>\nNotre \u00e9levage est d\u00e9clar\u00e9 sous le num\u00e9ro de siren 819580119 et est titulaire d&#8217;un certificat de capacit\u00e9 : n\u00b02016\/6498-70dd.<\/h4>\n<h4 dir=\"auto\">Nous somme adh\u00e9rents au SNPCC.<\/h4>\n<h4>Notre m\u00e9diateur de la consommation est :<br \/>\n<span class=\"html-span xdj266r x11i5rnm xat24cr x1mh8g0r xexx8yu x4uap5 x18d9i69 xkhd6sd x1hl2dhg x16tdsg8 x1vvkbs\"><a attributionsrc=\"\/privacy_sandbox\/comet\/register\/source\/?xt=AZU-63nNl40GGAINw7omPecic6ljBWlEXIqdetEd80DWUwBWCfMIqmkLSj-qjKNDo3HiKYLOUdyy_0xBui5xiwGXlEzLYQZ5YbMSFNTl1KOyykERx0stS7e56u0o75NMv19ozCNBvlE1WoUgaMhFZQ5hbN_vtpLJdKBWLsKO74l2wZ3NFsrCuK7pCbfWN1FL_9vsEA9Yml41pfay8xV8q5lh0je82WR7JF-o-t5hfl6Q5-lZcCQqs04_SWAHVrNYroLu-z3PncNa_cX-82xi_rf3zumoRY-Md1DqVx6JYX_fMi4coV00urUrdZuFUZ6sYoABfTs9fq9QYkXU8CCKy3STDf9OcryPOarRlf3pnSUMpnmJu9YAdRltuSkaM4foMiJAuk7gs_UJbuFiiG_Nz1zcAGmWzY-i9DMyiOiMMYSbvM6e3FAIfSmHHcrlmQwRMPYFd3e-tSGDEQxsmIgp-WZW8nI2NNH0Zp52ihQi336UldfKof8aK9qWrjqALTsZ5QMYy6LB8dvgknV3pulGt0XbIe4v4IgcUlAavsP1gO2ZYnZ8XP-y56iQzyNHKAop_32pu_jKFsfTj9RDThEHbszy0JFjgHraxKzu5Tf48_iBq_TVepdXnm5tCOMx8MHdvkqCRtzb6MDeHvHKPopRGB9tV8cMMqSnU60FEK73bvIo8-ngcDfOccAVIee9FbHty-_TDSToL_0VmkHS-Z0WIPpJzRXimPLWNH8hWL4sPzB7Jdx23m1BiWSS9dDpIyuc-t3mjgXwz2oL-GdpGflHB80ReDpiofalHXAjtoxduGuThiNezZTFQPLUmDKKi4sDzwSCg54KwrCxc9Bfs8oZWUG0sactQrBGmK4BNiNArPsdE3Rqy7QIO21mKW2iWCojMMYoDuCdbbzsJqtyLE7xBZ3fXK83KFFeKxiSW7kMcQKPXGHPr31kzCS7BK1B95xnwkMAOCFzhPVQH0BGJU3LF_2XVLvLPoD2hQxbvqOAFkTGkwelSe40T-l3LKeRFGH1zaXn_Iyq06qsJWSf6KRuVfrfjRncJbXyilZsL9r8MjB2XzKcbbdZbCs7OmP3-z0ep0FjmHCuFUXf_ueNvKRynhRcW1i8FF6uyJDk0QZusutRBLljEagNQdATfJE5WjqIBv5nf1KZKzs7hGw87qSvVABnPsj4dVAONU0PiZrJa_K6l_5Vdz3qpVpDVpnCwJNTdxHD_JJRkveSXiV7Kb1TuGZolafNto2vNJgt_M_KdCfKGqdkLHKFmBeGzcftKvrX_SJhm51HwigY6K9wxytl6D7z\" class=\"x1i10hfl xjbqb8w x1ejq31n xd10rxx x1sy0etr x17r0tee x972fbf xcfux6l x1qhh985 xm0m39n x9f619 x1ypdohk xt0psk2 xe8uvvx xdj266r x11i5rnm xat24cr x1mh8g0r xexx8yu x4uap5 x18d9i69 xkhd6sd x16tdsg8 x1hl2dhg xggy1nq x1a2a7pz x1sur9pj xkrqix3 x1fey0fg x1s688f\" href=\"https:\/\/l.facebook.com\/l.php?u=http%3A%2F%2FCM2C.NET%2F%3Ffbclid%3DIwZXh0bgNhZW0CMTAAAR1zZ9dOLVHeH0B3wZa7BdfQfR80_TE01z6C6RJ98pFhD9su7qgkg0O4ffs_aem_hW6WAHl1ZE6vQmeMBljkww&amp;h=AT2YVdR_jBpLS83cN7EJZDXOr7bx1mtP01EivcCDUuVWh8SsDyKnVvs1xoK9LwH33ttP3RVztlS19j4h4S03U3wDkniXgy6iyxufxcuT2yfClm9AHDTuglrYbKPOjPjm9LIz&amp;__tn__=-UK-R&amp;c[0]=AT3x71BB1aXl56_RuXHZdvd2fT-FQssyMjAGqHOt2Pp-VeFHdiJcZ53rP4R9Lz834PGdsLnHwRDX7i0eWCgJZ3zDFyh4DX5KWdg8DJSe552gx2QrmTBlthtPMTnIHfNV3Bt2_ZPsq1YIZYEmvczzGF00nUvCZ7gq7kCt2Z-_x9ul3R_E_pP1WbXSN3WYEYPD5Q\" rel=\"nofollow noopener noreferrer\" role=\"link\" target=\"_blank\" tabindex=\"0\">CM2C.NET<\/a><\/span><br \/>\nCM2C &#8211; 14 rue Saint Jean 75017 Paris<br \/>\n<span class=\"html-span xdj266r x11i5rnm xat24cr x1mh8g0r xexx8yu x4uap5 x18d9i69 xkhd6sd x1hl2dhg x16tdsg8 x1vvkbs\"><a attributionsrc=\"\/privacy_sandbox\/comet\/register\/source\/?xt=AZU-63nNl40GGAINw7omPecic6ljBWlEXIqdetEd80DWUwBWCfMIqmkLSj-qjKNDo3HiKYLOUdyy_0xBui5xiwGXlEzLYQZ5YbMSFNTl1KOyykERx0stS7e56u0o75NMv19ozCNBvlE1WoUgaMhFZQ5hbN_vtpLJdKBWLsKO74l2wZ3NFsrCuK7pCbfWN1FL_9vsEA9Yml41pfay8xV8q5lh0je82WR7JF-o-t5hfl6Q5-lZcCQqs04_SWAHVrNYroLu-z3PncNa_cX-82xi_rf3zumoRY-Md1DqVx6JYX_fMi4coV00urUrdZuFUZ6sYoABfTs9fq9QYkXU8CCKy3STDf9OcryPOarRlf3pnSUMpnmJu9YAdRltuSkaM4foMiJAuk7gs_UJbuFiiG_Nz1zcAGmWzY-i9DMyiOiMMYSbvM6e3FAIfSmHHcrlmQwRMPYFd3e-tSGDEQxsmIgp-WZW8nI2NNH0Zp52ihQi336UldfKof8aK9qWrjqALTsZ5QMYy6LB8dvgknV3pulGt0XbIe4v4IgcUlAavsP1gO2ZYnZ8XP-y56iQzyNHKAop_32pu_jKFsfTj9RDThEHbszy0JFjgHraxKzu5Tf48_iBq_TVepdXnm5tCOMx8MHdvkqCRtzb6MDeHvHKPopRGB9tV8cMMqSnU60FEK73bvIo8-ngcDfOccAVIee9FbHty-_TDSToL_0VmkHS-Z0WIPpJzRXimPLWNH8hWL4sPzB7Jdx23m1BiWSS9dDpIyuc-t3mjgXwz2oL-GdpGflHB80ReDpiofalHXAjtoxduGuThiNezZTFQPLUmDKKi4sDzwSCg54KwrCxc9Bfs8oZWUG0sactQrBGmK4BNiNArPsdE3Rqy7QIO21mKW2iWCojMMYoDuCdbbzsJqtyLE7xBZ3fXK83KFFeKxiSW7kMcQKPXGHPr31kzCS7BK1B95xnwkMAOCFzhPVQH0BGJU3LF_2XVLvLPoD2hQxbvqOAFkTGkwelSe40T-l3LKeRFGH1zaXn_Iyq06qsJWSf6KRuVfrfjRncJbXyilZsL9r8MjB2XzKcbbdZbCs7OmP3-z0ep0FjmHCuFUXf_ueNvKRynhRcW1i8FF6uyJDk0QZusutRBLljEagNQdATfJE5WjqIBv5nf1KZKzs7hGw87qSvVABnPsj4dVAONU0PiZrJa_K6l_5Vdz3qpVpDVpnCwJNTdxHD_JJRkveSXiV7Kb1TuGZolafNto2vNJgt_M_KdCfKGqdkLHKFmBeGzcftKvrX_SJhm51HwigY6K9wxytl6D7z\" class=\"x1i10hfl xjbqb8w x1ejq31n xd10rxx x1sy0etr x17r0tee x972fbf xcfux6l x1qhh985 xm0m39n x9f619 x1ypdohk xt0psk2 xe8uvvx xdj266r x11i5rnm xat24cr x1mh8g0r xexx8yu x4uap5 x18d9i69 xkhd6sd x16tdsg8 x1hl2dhg xggy1nq x1a2a7pz x1sur9pj xkrqix3 x1fey0fg x1s688f\" href=\"https:\/\/l.facebook.com\/l.php?u=http%3A%2F%2Fwww.mediateurprofessionchienchat.fr%2F%3Ffbclid%3DIwZXh0bgNhZW0CMTAAAR0_O3QB0skpQORocK7v0zceT1KTL1fP6tbJiseWiGMinIREkGmubk51dJ8_aem_I8qQlfD9VAUDKhZ2HlXm1A&amp;h=AT1Hb4JKz_MkSgir45WhLtkkTn60Sr7BGNN3LC_y-Y3PPgL2bYCoMGb8lbw6HMk3JbdxmshrZ2QoFwK4TUNFqbIdQEjMjx5jAXgmvzS87EvA_SiQdk9K6h3JK5WdL7r-lKZs&amp;__tn__=-UK-R&amp;c[0]=AT3x71BB1aXl56_RuXHZdvd2fT-FQssyMjAGqHOt2Pp-VeFHdiJcZ53rP4R9Lz834PGdsLnHwRDX7i0eWCgJZ3zDFyh4DX5KWdg8DJSe552gx2QrmTBlthtPMTnIHfNV3Bt2_ZPsq1YIZYEmvczzGF00nUvCZ7gq7kCt2Z-_x9ul3R_E_pP1WbXSN3WYEYPD5Q\" rel=\"nofollow noopener noreferrer\" role=\"link\" target=\"_blank\" tabindex=\"0\">www.mediateurprofessionchienchat.fr<\/a><br \/>\n<\/span>Mediateur-conso@contact-snpcc.com<\/h4>\n<h4 dir=\"auto\">Nos chats font partie de notre famille, ils vivent avec nous et ont acc\u00e8s libre \u00e0 la maison.<br \/>\nNous \u00e9levons nos chatons avec amour et bienveillance.<br \/>\nTout est r\u00e9alis\u00e9 afin qu&#8217;ils se d\u00e9veloppent au mieux.<br \/>\nNos chats sont indemnes et r\u00e9guli\u00e8rement test\u00e9s pour le FIV\/Felv.<\/h4>\n<h4>Nos chatons partent de la maison \u00e0 partir de leur 4 mois puc\u00e9s, vaccin\u00e9s : typhus, calicivirus, herp\u00e8svirus (rage comprise lors des d\u00e9part \u00e0 l&#8217;\u00e9tranger) et d\u00e9parasit\u00e9s interne\/externe et st\u00e9rilis\u00e9s si destin\u00e9s \u00e0 la compagnie.<br \/>\nIls sont inscrits au LOOF et partent avec un certificat de bonne sant\u00e9 \u00e9tabli par notre v\u00e9t\u00e9rinaire, un contrat de vente et un kit chaton comprenant : croquettes, liti\u00e8res, p\u00e2t\u00e9, panier, balles et plumeau. (kits diff\u00e9rents en fonction des p\u00e9riodes)<\/h4>\n<h4 dir=\"auto\">Nous faisons des facilit\u00e9s de paiement.<\/h4>\n<h4 dir=\"auto\">Nous sommes passionn\u00e9s de g\u00e9n\u00e9tique et sp\u00e9cialis\u00e9s dans le travail du g\u00e8ne inhibition qui donne les couleurs smoke et silver et du g\u00e8ne cinnamon donnant les couleurs cinnamon et fawn n\u00e9anmoins nous ne n\u00e9gligeons pas la s\u00e9lection du type et de la sant\u00e9 de nos chats.<\/h4>\n<h4 dir=\"auto\">Pour plus de renseignements, n\u2019h\u00e9sitez pas \u00e0 nous contacter.<\/h4>\n<h4 class=\"x11i5rnm xat24cr x1mh8g0r x1vvkbs xtlvy1s x126k92a\">Bonne visite !<\/h4>\n<h4 class=\"x11i5rnm xat24cr x1mh8g0r x1vvkbs xtlvy1s x126k92a\">Cattery Of True Love &#8211; Ferreira Severino Anastasia.<\/h4>\n","protected":false},"excerpt":{"rendered":"<p>Bonjour et bienvenue sur notre site. Nous \u00e9levons des chats Sacr\u00e9 de Birmanie depuis 2016 dans le nord de la France proche de la fronti\u00e8re Belge. Notre \u00e9levage est d\u00e9clar\u00e9 sous le num\u00e9ro de siren 819580119 et est titulaire d&#8217;un certificat de capacit\u00e9 : n\u00b02016\/6498-70dd. Nous somme adh\u00e9rents au SNPCC. [&hellip;]<\/p>\n","protected":false},"author":1,"featured_media":97,"parent":0,"menu_order":0,"comment_status":"closed","ping_status":"closed","template":"","meta":{"om_disable_all_campaigns":false,"_monsterinsights_skip_tracking":false,"_monsterinsights_sitenote_active":false,"_monsterinsights_sitenote_note":"","_monsterinsights_sitenote_category":0,"footnotes":""},"class_list":["post-15","page","type-page","status-publish","has-post-thumbnail","hentry"],"aioseo_notices":[],"yoast_head":"<!-- This site is optimized with the Yoast SEO plugin v23.9 - https:\/\/yoast.com\/wordpress\/plugins\/seo\/ -->\n<title>Accueil - Cattery Of True Love<\/title>\n<meta name=\"robots\" content=\"index, follow, max-snippet:-1, max-image-preview:large, max-video-preview:-1\" \/>\n<link rel=\"canonical\" href=\"https:\/\/catteryoftruelove.com\/\" \/>\n<meta property=\"og:locale\" content=\"en_US\" \/>\n<meta property=\"og:type\" content=\"article\" \/>\n<meta property=\"og:title\" content=\"Accueil - Cattery Of True Love\" \/>\n<meta property=\"og:description\" content=\"Bonjour et bienvenue sur notre site. Nous \u00e9levons des chats Sacr\u00e9 de Birmanie depuis 2016 dans le nord de la France proche de la fronti\u00e8re Belge. Notre \u00e9levage est d\u00e9clar\u00e9 sous le num\u00e9ro de siren 819580119 et est titulaire d&#8217;un certificat de capacit\u00e9 : n\u00b02016\/6498-70dd. Nous somme adh\u00e9rents au SNPCC. [&hellip;]\" \/>\n<meta property=\"og:url\" content=\"https:\/\/catteryoftruelove.com\/\" \/>\n<meta property=\"og:site_name\" content=\"Cattery Of True Love\" \/>\n<meta property=\"article:publisher\" content=\"https:\/\/www.facebook.com\/CatteryOfTrueLove\" \/>\n<meta property=\"article:modified_time\" content=\"2025-06-18T15:02:11+00:00\" \/>\n<meta property=\"og:image\" content=\"https:\/\/catteryoftruelove.com\/wp-content\/uploads\/2019\/10\/Peek-A-Boo.jpg\" \/>\n\t<meta property=\"og:image:width\" content=\"1790\" \/>\n\t<meta property=\"og:image:height\" content=\"1315\" \/>\n\t<meta property=\"og:image:type\" content=\"image\/jpeg\" \/>\n<meta name=\"twitter:card\" content=\"summary_large_image\" \/>\n<meta name=\"twitter:label1\" content=\"Est. reading time\" \/>\n\t<meta name=\"twitter:data1\" content=\"2 minutes\" \/>\n<script type=\"application\/ld+json\" class=\"yoast-schema-graph\">{\"@context\":\"https:\/\/schema.org\",\"@graph\":[{\"@type\":\"WebPage\",\"@id\":\"https:\/\/catteryoftruelove.com\/\",\"url\":\"https:\/\/catteryoftruelove.com\/\",\"name\":\"Accueil - Cattery Of True Love\",\"isPartOf\":{\"@id\":\"https:\/\/catteryoftruelove.com\/#website\"},\"primaryImageOfPage\":{\"@id\":\"https:\/\/catteryoftruelove.com\/#primaryimage\"},\"image\":{\"@id\":\"https:\/\/catteryoftruelove.com\/#primaryimage\"},\"thumbnailUrl\":\"https:\/\/catteryoftruelove.com\/wp-content\/uploads\/2019\/10\/Peek-A-Boo.jpg\",\"datePublished\":\"2019-10-27T11:07:18+00:00\",\"dateModified\":\"2025-06-18T15:02:11+00:00\",\"breadcrumb\":{\"@id\":\"https:\/\/catteryoftruelove.com\/#breadcrumb\"},\"inLanguage\":\"en-US\",\"potentialAction\":[{\"@type\":\"ReadAction\",\"target\":[\"https:\/\/catteryoftruelove.com\/\"]}]},{\"@type\":\"ImageObject\",\"inLanguage\":\"en-US\",\"@id\":\"https:\/\/catteryoftruelove.com\/#primaryimage\",\"url\":\"https:\/\/catteryoftruelove.com\/wp-content\/uploads\/2019\/10\/Peek-A-Boo.jpg\",\"contentUrl\":\"https:\/\/catteryoftruelove.com\/wp-content\/uploads\/2019\/10\/Peek-A-Boo.jpg\",\"width\":1790,\"height\":1315},{\"@type\":\"BreadcrumbList\",\"@id\":\"https:\/\/catteryoftruelove.com\/#breadcrumb\",\"itemListElement\":[{\"@type\":\"ListItem\",\"position\":1,\"name\":\"Home\",\"item\":\"https:\/\/catteryoftruelove.com\/\"},{\"@type\":\"ListItem\",\"position\":2,\"name\":\"Accueil\"}]},{\"@type\":\"WebSite\",\"@id\":\"https:\/\/catteryoftruelove.com\/#website\",\"url\":\"https:\/\/catteryoftruelove.com\/\",\"name\":\"Cattery Of True Love\",\"description\":\"\",\"publisher\":{\"@id\":\"https:\/\/catteryoftruelove.com\/#organization\"},\"potentialAction\":[{\"@type\":\"SearchAction\",\"target\":{\"@type\":\"EntryPoint\",\"urlTemplate\":\"https:\/\/catteryoftruelove.com\/?s={search_term_string}\"},\"query-input\":{\"@type\":\"PropertyValueSpecification\",\"valueRequired\":true,\"valueName\":\"search_term_string\"}}],\"inLanguage\":\"en-US\"},{\"@type\":\"Organization\",\"@id\":\"https:\/\/catteryoftruelove.com\/#organization\",\"name\":\"Cattery Of True Love\",\"url\":\"https:\/\/catteryoftruelove.com\/\",\"logo\":{\"@type\":\"ImageObject\",\"inLanguage\":\"en-US\",\"@id\":\"https:\/\/catteryoftruelove.com\/#\/schema\/logo\/image\/\",\"url\":\"https:\/\/catteryoftruelove.com\/wp-content\/uploads\/2024\/11\/Bani\u00e8re_cerisier_2024_couvertureFB-1.jpg\",\"contentUrl\":\"https:\/\/catteryoftruelove.com\/wp-content\/uploads\/2024\/11\/Bani\u00e8re_cerisier_2024_couvertureFB-1.jpg\",\"width\":720,\"height\":378,\"caption\":\"Cattery Of True Love\"},\"image\":{\"@id\":\"https:\/\/catteryoftruelove.com\/#\/schema\/logo\/image\/\"},\"sameAs\":[\"https:\/\/www.facebook.com\/CatteryOfTrueLove\"]}]}<\/script>\n<!-- \/ Yoast SEO plugin. -->","yoast_head_json":{"title":"Accueil - Cattery Of True Love","robots":{"index":"index","follow":"follow","max-snippet":"max-snippet:-1","max-image-preview":"max-image-preview:large","max-video-preview":"max-video-preview:-1"},"canonical":"https:\/\/catteryoftruelove.com\/","og_locale":"en_US","og_type":"article","og_title":"Accueil - Cattery Of True Love","og_description":"Bonjour et bienvenue sur notre site. Nous \u00e9levons des chats Sacr\u00e9 de Birmanie depuis 2016 dans le nord de la France proche de la fronti\u00e8re Belge. Notre \u00e9levage est d\u00e9clar\u00e9 sous le num\u00e9ro de siren 819580119 et est titulaire d&#8217;un certificat de capacit\u00e9 : n\u00b02016\/6498-70dd. Nous somme adh\u00e9rents au SNPCC. [&hellip;]","og_url":"https:\/\/catteryoftruelove.com\/","og_site_name":"Cattery Of True Love","article_publisher":"https:\/\/www.facebook.com\/CatteryOfTrueLove","article_modified_time":"2025-06-18T15:02:11+00:00","og_image":[{"width":1790,"height":1315,"url":"https:\/\/catteryoftruelove.com\/wp-content\/uploads\/2019\/10\/Peek-A-Boo.jpg","type":"image\/jpeg"}],"twitter_card":"summary_large_image","twitter_misc":{"Est. reading time":"2 minutes"},"schema":{"@context":"https:\/\/schema.org","@graph":[{"@type":"WebPage","@id":"https:\/\/catteryoftruelove.com\/","url":"https:\/\/catteryoftruelove.com\/","name":"Accueil - Cattery Of True Love","isPartOf":{"@id":"https:\/\/catteryoftruelove.com\/#website"},"primaryImageOfPage":{"@id":"https:\/\/catteryoftruelove.com\/#primaryimage"},"image":{"@id":"https:\/\/catteryoftruelove.com\/#primaryimage"},"thumbnailUrl":"https:\/\/catteryoftruelove.com\/wp-content\/uploads\/2019\/10\/Peek-A-Boo.jpg","datePublished":"2019-10-27T11:07:18+00:00","dateModified":"2025-06-18T15:02:11+00:00","breadcrumb":{"@id":"https:\/\/catteryoftruelove.com\/#breadcrumb"},"inLanguage":"en-US","potentialAction":[{"@type":"ReadAction","target":["https:\/\/catteryoftruelove.com\/"]}]},{"@type":"ImageObject","inLanguage":"en-US","@id":"https:\/\/catteryoftruelove.com\/#primaryimage","url":"https:\/\/catteryoftruelove.com\/wp-content\/uploads\/2019\/10\/Peek-A-Boo.jpg","contentUrl":"https:\/\/catteryoftruelove.com\/wp-content\/uploads\/2019\/10\/Peek-A-Boo.jpg","width":1790,"height":1315},{"@type":"BreadcrumbList","@id":"https:\/\/catteryoftruelove.com\/#breadcrumb","itemListElement":[{"@type":"ListItem","position":1,"name":"Home","item":"https:\/\/catteryoftruelove.com\/"},{"@type":"ListItem","position":2,"name":"Accueil"}]},{"@type":"WebSite","@id":"https:\/\/catteryoftruelove.com\/#website","url":"https:\/\/catteryoftruelove.com\/","name":"Cattery Of True Love","description":"","publisher":{"@id":"https:\/\/catteryoftruelove.com\/#organization"},"potentialAction":[{"@type":"SearchAction","target":{"@type":"EntryPoint","urlTemplate":"https:\/\/catteryoftruelove.com\/?s={search_term_string}"},"query-input":{"@type":"PropertyValueSpecification","valueRequired":true,"valueName":"search_term_string"}}],"inLanguage":"en-US"},{"@type":"Organization","@id":"https:\/\/catteryoftruelove.com\/#organization","name":"Cattery Of True Love","url":"https:\/\/catteryoftruelove.com\/","logo":{"@type":"ImageObject","inLanguage":"en-US","@id":"https:\/\/catteryoftruelove.com\/#\/schema\/logo\/image\/","url":"https:\/\/catteryoftruelove.com\/wp-content\/uploads\/2024\/11\/Bani\u00e8re_cerisier_2024_couvertureFB-1.jpg","contentUrl":"https:\/\/catteryoftruelove.com\/wp-content\/uploads\/2024\/11\/Bani\u00e8re_cerisier_2024_couvertureFB-1.jpg","width":720,"height":378,"caption":"Cattery Of True Love"},"image":{"@id":"https:\/\/catteryoftruelove.com\/#\/schema\/logo\/image\/"},"sameAs":["https:\/\/www.facebook.com\/CatteryOfTrueLove"]}]}},"_links":{"self":[{"href":"https:\/\/catteryoftruelove.com\/index.php\/wp-json\/wp\/v2\/pages\/15","targetHints":{"allow":["GET"]}}],"collection":[{"href":"https:\/\/catteryoftruelove.com\/index.php\/wp-json\/wp\/v2\/pages"}],"about":[{"href":"https:\/\/catteryoftruelove.com\/index.php\/wp-json\/wp\/v2\/types\/page"}],"author":[{"embeddable":true,"href":"https:\/\/catteryoftruelove.com\/index.php\/wp-json\/wp\/v2\/users\/1"}],"replies":[{"embeddable":true,"href":"https:\/\/catteryoftruelove.com\/index.php\/wp-json\/wp\/v2\/comments?post=15"}],"version-history":[{"count":23,"href":"https:\/\/catteryoftruelove.com\/index.php\/wp-json\/wp\/v2\/pages\/15\/revisions"}],"predecessor-version":[{"id":655,"href":"https:\/\/catteryoftruelove.com\/index.php\/wp-json\/wp\/v2\/pages\/15\/revisions\/655"}],"wp:featuredmedia":[{"embeddable":true,"href":"https:\/\/catteryoftruelove.com\/index.php\/wp-json\/wp\/v2\/media\/97"}],"wp:attachment":[{"href":"https:\/\/catteryoftruelove.com\/index.php\/wp-json\/wp\/v2\/media?parent=15"}],"curies":[{"name":"wp","href":"https:\/\/api.w.org\/{rel}","templated":true}]}}